{"id":3179,"date":"2015-07-16T09:12:44","date_gmt":"2015-07-16T07:12:44","guid":{"rendered":"https:\/\/von-wegen-ehre.de\/danismanlik-ve-yardim"},"modified":"2024-12-20T23:42:44","modified_gmt":"2024-12-20T21:42:44","slug":"danismanlik-ve-yardim","status":"publish","type":"page","link":"https:\/\/von-wegen-ehre.de\/tr\/danismanlik-ve-yardim","title":{"rendered":"Dan\u0131\u015fmanl\u0131k ve yard\u0131m"},"content":{"rendered":"\n<style type=\"text\/css\" data-created_by=\"avia_inline_auto\" id=\"style-css-av-145nae-d56facbbaa98c75414659fec11177e2c\">\n.avia-section.av-145nae-d56facbbaa98c75414659fec11177e2c{\nbackground-repeat:no-repeat;\nbackground-image:url(https:\/\/von-wegen-ehre.de\/wp-content\/uploads\/2023\/12\/hilfe-gegen-gewalt-ehre-beratung-01.jpg);\nbackground-position:50% 50%;\nbackground-attachment:scroll;\nmargin-top:0px;\nmargin-bottom:0px;\n}\n.avia-section.av-145nae-d56facbbaa98c75414659fec11177e2c .av-section-color-overlay{\nopacity:0.5;\nbackground-color:#008d36;\nbackground-image:url(https:\/\/von-wegen-ehre.de\/wp-content\/themes\/enfold\/images\/background-images\/dots-mini-strong.png);\nbackground-repeat:repeat;\n}\n<\/style>\n<div id='av_section_1'  class='avia-section av-145nae-d56facbbaa98c75414659fec11177e2c main_color avia-section-default avia-no-border-styling  avia-builder-el-0  el_before_av_section  avia-builder-el-first  avia-full-stretch avia-bg-style-scroll av-section-color-overlay-active av-minimum-height av-minimum-height-25 av-height-percent  container_wrap fullsize'  data-section-bg-repeat='stretch' data-av_minimum_height_pc='25' data-av_min_height_opt='percent'><div class=\"av-section-color-overlay-wrap\"><div class=\"av-section-color-overlay\"><\/div><div class='container av-section-cont-open' ><main  role=\"main\" itemprop=\"mainContentOfPage\"  class='template-page content  av-content-full alpha units'><div class='post-entry post-entry-type-page post-entry-3179'><div class='entry-content-wrapper clearfix'>\n\n<style type=\"text\/css\" data-created_by=\"avia_inline_auto\" id=\"style-css-av-jgf3pjem-ee2a691ebc0a9a100bc99d372a9c72ca\">\n#top .flex_column.av-jgf3pjem-ee2a691ebc0a9a100bc99d372a9c72ca{\nmargin-top:0px;\nmargin-bottom:0px;\n}\n.flex_column.av-jgf3pjem-ee2a691ebc0a9a100bc99d372a9c72ca{\nborder-radius:0px 0px 0px 0px;\npadding:0px 0px 0px 0px;\n}\n.responsive #top #wrap_all .flex_column.av-jgf3pjem-ee2a691ebc0a9a100bc99d372a9c72ca{\nmargin-top:0px;\nmargin-bottom:0px;\n}\n<\/style>\n<div  class='flex_column av-jgf3pjem-ee2a691ebc0a9a100bc99d372a9c72ca av_one_full  avia-builder-el-1  avia-builder-el-no-sibling  first flex_column_div av-animated-generic left-to-right av-zero-column-padding  '     ><style type=\"text\/css\" data-created_by=\"avia_inline_auto\" id=\"style-css-av-lkr7wwvk-0223ce10e598204f62b118876d54c599\">\n#top .av-special-heading.av-lkr7wwvk-0223ce10e598204f62b118876d54c599{\nmargin:0 0 0 0;\npadding-bottom:0;\ncolor:#ffffff;\n}\nbody .av-special-heading.av-lkr7wwvk-0223ce10e598204f62b118876d54c599 .av-special-heading-tag .heading-char{\nfont-size:25px;\n}\n.av-special-heading.av-lkr7wwvk-0223ce10e598204f62b118876d54c599 .special-heading-inner-border{\nborder-color:#ffffff;\n}\n.av-special-heading.av-lkr7wwvk-0223ce10e598204f62b118876d54c599 .av-subheading{\nfont-size:25px;\n}\n\n@media only screen and (max-width: 479px){ \n#top #wrap_all .av-special-heading.av-lkr7wwvk-0223ce10e598204f62b118876d54c599 .av-special-heading-tag{\nfont-size:36px;\n}\n}\n<\/style>\n<div  class='av-special-heading av-lkr7wwvk-0223ce10e598204f62b118876d54c599 av-special-heading-h1 custom-color-heading blockquote modern-quote modern-centered  avia-builder-el-2  avia-builder-el-no-sibling '><h1 class='av-special-heading-tag '  itemprop=\"headline\"  >Dan\u0131\u015fmanl\u0131k ve yard\u0131m<\/h1><div class=\"special-heading-border\"><div class=\"special-heading-inner-border\"><\/div><\/div><\/div><\/div>\n\n<\/div><\/div><\/main><!-- close content main element --><\/div><\/div><\/div><div id='av_section_2'  class='avia-section av-qet8u-e693e6440a35b7d1d24cd3173f6bad91 main_color avia-section-default avia-no-border-styling  avia-builder-el-3  el_after_av_section  el_before_av_section  avia-bg-style-scroll container_wrap fullsize'  ><div class='container av-section-cont-open' ><div class='template-page content  av-content-full alpha units'><div class='post-entry post-entry-type-page post-entry-3179'><div class='entry-content-wrapper clearfix'>\n\n<style type=\"text\/css\" data-created_by=\"avia_inline_auto\" id=\"style-css-av-lkoho506-5ea5850ba703a08ae2444ac7cd4f5305\">\n#top .av-special-heading.av-lkoho506-5ea5850ba703a08ae2444ac7cd4f5305{\nmargin:0 0 0 0;\npadding-bottom:0;\n}\nbody .av-special-heading.av-lkoho506-5ea5850ba703a08ae2444ac7cd4f5305 .av-special-heading-tag .heading-char{\nfont-size:25px;\n}\n.av-special-heading.av-lkoho506-5ea5850ba703a08ae2444ac7cd4f5305 .av-subheading{\nfont-size:30px;\n}\n<\/style>\n<div  class='av-special-heading av-lkoho506-5ea5850ba703a08ae2444ac7cd4f5305 av-special-heading-h2 blockquote modern-quote  avia-builder-el-4  el_before_av_textblock  avia-builder-el-first '><h2 class='av-special-heading-tag '  itemprop=\"headline\"  >Dan\u0131\u015fmanl\u0131k &#8211; nas\u0131l \u00e7al\u0131\u015f\u0131r?<\/h2><div class=\"special-heading-border\"><div class=\"special-heading-inner-border\"><\/div><\/div><\/div>\n<section  class='av_textblock_section av-jgfdunv8-5d4b8d57dcad585ab7812b3a5190a470 '   itemscope=\"itemscope\" itemtype=\"https:\/\/schema.org\/CreativeWork\" ><div class='avia_textblock'  itemprop=\"text\" ><p style=\"text-align: left;\">Ailenizden veya e\u015finizden bask\u0131 veya \u015fiddet g\u00f6r\u00fcyorsan\u0131z ve yard\u0131m ar\u0131yorsan\u0131z, sizin i\u00e7in buraday\u0131z. Dan\u0131\u015fmanl\u0131k hizmeti her zaman \u00fccretsizdir ve dilerseniz anonim olabilir. Dan\u0131\u015fmanlar\u0131m\u0131z her zaman kad\u0131nd\u0131r. \u00c7ok iyi Almanca konu\u015fam\u0131yorsan\u0131z, \u00f6rne\u011fin bir terc\u00fcman arac\u0131l\u0131\u011f\u0131yla ba\u015fka bir dilde de dan\u0131\u015fmanl\u0131k hizmeti verilebilir.<\/p>\n<\/div><\/section>\n\n<\/div><\/div><\/div><!-- close content main div --><\/div><\/div>\n<style type=\"text\/css\" data-created_by=\"avia_inline_auto\" id=\"style-css-av-qet8u-1-45529f57535cf07f49de189e024945c3\">\n.avia-section.av-qet8u-1-45529f57535cf07f49de189e024945c3 .av-section-color-overlay{\nopacity:1;\nbackground-color:#e8e8e8;\nbackground-image:url(https:\/\/von-wegen-ehre.de\/wp-content\/themes\/enfold\/images\/background-images\/grunge-dark-compressed.png);\nbackground-repeat:repeat;\n}\n<\/style>\n<div id='av_section_3'  class='avia-section av-qet8u-1-45529f57535cf07f49de189e024945c3 main_color avia-section-large avia-no-border-styling  avia-builder-el-6  el_after_av_section  avia-builder-el-last  avia-bg-style-scroll av-section-color-overlay-active container_wrap fullsize'  ><div class=\"av-section-color-overlay-wrap\"><div class=\"av-section-color-overlay\"><\/div><div class='container av-section-cont-open' ><div class='template-page content  av-content-full alpha units'><div class='post-entry post-entry-type-page post-entry-3179'><div class='entry-content-wrapper clearfix'>\n\n<style type=\"text\/css\" data-created_by=\"avia_inline_auto\" id=\"style-css-av-9wkhy-850ea1e03e647c34e1ae8fadc77d3bc5\">\n.flex_column.av-9wkhy-850ea1e03e647c34e1ae8fadc77d3bc5{\nwidth:48%;\nborder-radius:0 0 0 0;\npadding:0px 0px 0px 0px;\n}\n<\/style>\n<div  class='flex_column av-9wkhy-850ea1e03e647c34e1ae8fadc77d3bc5 av_one_half  avia-builder-el-7  el_before_av_one_half  avia-builder-el-first  first flex_column_div av-zero-column-padding  '     ><p>\n<style type=\"text\/css\" data-created_by=\"avia_inline_auto\" id=\"style-css-av-burjm-b57a3419ef9095e7b7c4fa1ef00cd319\">\n#top .av-special-heading.av-burjm-b57a3419ef9095e7b7c4fa1ef00cd319{\npadding-bottom:0;\n}\nbody .av-special-heading.av-burjm-b57a3419ef9095e7b7c4fa1ef00cd319 .av-special-heading-tag .heading-char{\nfont-size:25px;\n}\n.av-special-heading.av-burjm-b57a3419ef9095e7b7c4fa1ef00cd319 .av-subheading{\nfont-size:15px;\n}\n\n@media only screen and (max-width: 479px){ \n#top #wrap_all .av-special-heading.av-burjm-b57a3419ef9095e7b7c4fa1ef00cd319 .av-special-heading-tag{\nfont-size:26px;\n}\n}\n<\/style>\n<div  class='av-special-heading av-burjm-b57a3419ef9095e7b7c4fa1ef00cd319 av-special-heading-h3 blockquote modern-quote  avia-builder-el-8  el_before_av_textblock  avia-builder-el-first '><h3 class='av-special-heading-tag '  itemprop=\"headline\"  >Yard\u0131m bulmak<\/h3><div class=\"special-heading-border\"><div class=\"special-heading-inner-border\"><\/div><\/div><\/div><br \/>\n<section  class='av_textblock_section av-jgds8wgh-e11d1c1756d5f61aad2f2faaa4e86185 '   itemscope=\"itemscope\" itemtype=\"https:\/\/schema.org\/CreativeWork\" ><div class='avia_textblock'  itemprop=\"text\" ><p class=\"p1\">Dan\u0131\u015fmak m\u0131 istiyorsun? <strong><a href=\"https:\/\/von-wegen-ehre.de\/tr\/iletisim\">Burada<\/a><\/strong> sana en yak\u0131n dan\u0131\u015fmanl\u0131k merkezinin nerede oldu\u011funu ve nas\u0131l ileti\u015fime ge\u00e7ebilece\u011fini \u00f6\u011frenebilirsin. \u0130lk g\u00f6r\u00fc\u015fmede s\u0131k\u0131nt\u0131n\u0131 anlatabilirsin. Dan\u0131\u015fman han\u0131m kendisine s\u00f6yledi\u011fin her \u015feyi gizli tutar (can tehlikesi ya da bir \u00e7ocu\u011fun tehlikede olmas\u0131 durumlar\u0131 hari\u00e7). O senin yan\u0131nda ve sana yard\u0131m etmeye haz\u0131r. Seninkine benzer durumlar konusunda tecr\u00fcbe sahibi ve neler yap\u0131labilece\u011fini iyi biliyor.<\/p>\n<p class=\"p1\">Seninle birlikte, ki\u015fisel olarak senin i\u00e7in do\u011fru \u00e7\u00f6z\u00fcm\u00fcn ne oldu\u011fu \u00fczerinde d\u00fc\u015f\u00fcn\u00fcr: Bazen aileyle bir kez a\u00e7\u0131k\u00e7a konu\u015fmak bile durumu iyile\u015ftirebilir. Ancak bazen, tavsiye isteyen ki\u015filer daha fazla dayanamad\u0131klar\u0131 i\u00e7in ailelerinden uzakla\u015fmak veya e\u015flerinden ayr\u0131lmak isterler. Bu karar\u0131 verirsen sana yard\u0131mc\u0131 oluruz, ayr\u0131ca o an i\u00e7in uygun, g\u00fcvenli bir konaklama yeri ayarlar\u0131z.<\/p>\n<\/div><\/section><\/p><\/div>\n<style type=\"text\/css\" data-created_by=\"avia_inline_auto\" id=\"style-css-av-lkoiq5wz-e0b8425207b841fed02f792eccde58d7\">\n.flex_column.av-lkoiq5wz-e0b8425207b841fed02f792eccde58d7{\nwidth:48%;\nmargin-left:4%;\nborder-radius:0px 0px 0px 0px;\npadding:0px 0px 0px 0px;\n}\n<\/style>\n<div  class='flex_column av-lkoiq5wz-e0b8425207b841fed02f792eccde58d7 av_one_half  avia-builder-el-10  el_after_av_one_half  el_before_av_one_half  flex_column_div av-zero-column-padding  '     ><style type=\"text\/css\" data-created_by=\"avia_inline_auto\" id=\"style-css-av-lkr8nrzy-5a3040bfef99c88d6b8705f24d4504b0\">\n@keyframes av_boxShadowEffect_av-lkr8nrzy-5a3040bfef99c88d6b8705f24d4504b0 {\n0%   { box-shadow:  0 0 0 0 rgba(0,0,0,0.7); opacity: 1; }\n100% { box-shadow:  0 0 30px 0 rgba(0,0,0,0.7); opacity: 1; }\n}\n.avia-image-container.av-lkr8nrzy-5a3040bfef99c88d6b8705f24d4504b0 img.avia_image{\nbox-shadow: 0 0 30px 0 rgba(0,0,0,0.7);\n}\n.avia-image-container.av-lkr8nrzy-5a3040bfef99c88d6b8705f24d4504b0 .av-image-caption-overlay-center{\ncolor:#ffffff;\n}\n<\/style>\n<div  class='avia-image-container av-lkr8nrzy-5a3040bfef99c88d6b8705f24d4504b0 av-styling-no-styling avia_animated_image av-animated-when-visible-95 fade-in avia-align-center  avia-builder-el-11  avia-builder-el-no-sibling  av-img-box-shadow av-box-shadow-not-animated'   itemprop=\"image\" itemscope=\"itemscope\" itemtype=\"https:\/\/schema.org\/ImageObject\" ><div class=\"avia-image-container-inner\"><div class=\"avia-image-overlay-wrap\"><img decoding=\"async\" fetchpriority=\"high\" class='wp-image-2934 avia-img-lazy-loading-not-2934 avia_image shadow-not-animated' src=\"https:\/\/von-wegen-ehre.de\/wp-content\/uploads\/2023\/12\/hilfe-gegen-gewalt-ehre_gewalt-beratung-01.jpg\" alt='Hilfe gegen Gewalt im Namen von &quot;Ehre&quot; Anonym' title='Hilfe gegen Gewalt im Namen von &quot;Ehre&quot; Anonym'  height=\"453\" width=\"600\"  itemprop=\"thumbnailUrl\" srcset=\"https:\/\/von-wegen-ehre.de\/wp-content\/uploads\/2023\/12\/hilfe-gegen-gewalt-ehre_gewalt-beratung-01.jpg 600w, https:\/\/von-wegen-ehre.de\/wp-content\/uploads\/2023\/12\/hilfe-gegen-gewalt-ehre_gewalt-beratung-01-300x227.jpg 300w\" sizes=\"(max-width: 600px) 100vw, 600px\" \/><\/div><\/div><\/div><\/div><div class='av-column-wrapper-individual av-mobile-columns-flex av-columns-reverse'>\n<style type=\"text\/css\" data-created_by=\"avia_inline_auto\" id=\"style-css-av-1ysj16-085765271bc586098e79d0dced9c0e38\">\n#top .flex_column.av-1ysj16-085765271bc586098e79d0dced9c0e38{\nmargin-top:7%;\nmargin-bottom:7%;\n}\n.flex_column.av-1ysj16-085765271bc586098e79d0dced9c0e38{\nwidth:48%;\nborder-radius:0px 0px 0px 0px;\npadding:0px 0px 0px 0px;\n}\n.responsive #top #wrap_all .flex_column.av-1ysj16-085765271bc586098e79d0dced9c0e38{\nmargin-top:7%;\nmargin-bottom:7%;\n}\n\n@media only screen and (min-width: 990px){ \n.flex_column.av-1ysj16-085765271bc586098e79d0dced9c0e38{\npadding:20px 0 0 0;\n}\n}\n<\/style>\n<div  class='flex_column av-1ysj16-085765271bc586098e79d0dced9c0e38 av_one_half  avia-builder-el-12  el_after_av_one_half  el_before_av_one_half  first flex_column_div av-zero-column-padding  column-top-margin'     ><style type=\"text\/css\" data-created_by=\"avia_inline_auto\" id=\"style-css-av-1olacq-51d734f07e39f9bfcf56f878ffc92c22\">\n@keyframes av_boxShadowEffect_av-1olacq-51d734f07e39f9bfcf56f878ffc92c22 {\n0%   { box-shadow:  0 0 0 0 rgba(0,0,0,0.7); opacity: 1; }\n100% { box-shadow:  0 0 30px 0 rgba(0,0,0,0.7); opacity: 1; }\n}\n.avia-image-container.av-1olacq-51d734f07e39f9bfcf56f878ffc92c22 img.avia_image{\nbox-shadow: 0 0 30px 0 rgba(0,0,0,0.7);\n}\n.avia-image-container.av-1olacq-51d734f07e39f9bfcf56f878ffc92c22 .av-image-caption-overlay-center{\ncolor:#ffffff;\n}\n<\/style>\n<div  class='avia-image-container av-1olacq-51d734f07e39f9bfcf56f878ffc92c22 av-styling-no-styling avia_animated_image av-animated-when-visible-95 fade-in avia-align-center  avia-builder-el-13  avia-builder-el-no-sibling  av-img-box-shadow av-box-shadow-not-animated'   itemprop=\"image\" itemscope=\"itemscope\" itemtype=\"https:\/\/schema.org\/ImageObject\" ><div class=\"avia-image-container-inner\"><div class=\"avia-image-overlay-wrap\"><img decoding=\"async\" fetchpriority=\"high\" class='wp-image-2933 avia-img-lazy-loading-not-2933 avia_image shadow-not-animated' src=\"https:\/\/von-wegen-ehre.de\/wp-content\/uploads\/2023\/12\/hilfe-gegen-gewalt-ehre_gewalt-beratung-02.jpg\" alt='Hilfe gegen Gewalt im Namen von &quot;Ehre&quot; Beratung' title='Hilfe gegen Gewalt im Namen von &quot;Ehre&quot; Beratung'  height=\"453\" width=\"600\"  itemprop=\"thumbnailUrl\" srcset=\"https:\/\/von-wegen-ehre.de\/wp-content\/uploads\/2023\/12\/hilfe-gegen-gewalt-ehre_gewalt-beratung-02.jpg 600w, https:\/\/von-wegen-ehre.de\/wp-content\/uploads\/2023\/12\/hilfe-gegen-gewalt-ehre_gewalt-beratung-02-300x227.jpg 300w\" sizes=\"(max-width: 600px) 100vw, 600px\" \/><\/div><\/div><\/div><\/div>\n<style type=\"text\/css\" data-created_by=\"avia_inline_auto\" id=\"style-css-av-f6d3m-30c9459b719358e254369256e36ac551\">\n#top .flex_column.av-f6d3m-30c9459b719358e254369256e36ac551{\nmargin-top:7%;\nmargin-bottom:7%;\n}\n.flex_column.av-f6d3m-30c9459b719358e254369256e36ac551{\nwidth:48%;\nmargin-left:4%;\npadding:0 0 0 0;\n}\n.responsive #top #wrap_all .flex_column.av-f6d3m-30c9459b719358e254369256e36ac551{\nmargin-top:7%;\nmargin-bottom:7%;\n}\n<\/style>\n<div  class='flex_column av-f6d3m-30c9459b719358e254369256e36ac551 av_one_half  avia-builder-el-14  el_after_av_one_half  avia-builder-el-last  flex_column_div av-zero-column-padding  column-top-margin'     ><p><section  class='av_textblock_section av-lpx3sw8v-3a0507ee4d5ceba664acf5b55202f3b3 '   itemscope=\"itemscope\" itemtype=\"https:\/\/schema.org\/CreativeWork\" ><div class='avia_textblock'  itemprop=\"text\" ><p>\u015eiddete maruz kalan baz\u0131 ki\u015filer de \u015fiddetin sona ermesi ve failin cezaland\u0131r\u0131lmas\u0131 i\u00e7in faili ihbar etmeye karar verir. Dilerseniz size bu konuda da yard\u0131mc\u0131 olabiliriz. \u00c7e\u015fitli se\u00e7enekleri sizinle g\u00f6r\u00fc\u015fece\u011fiz. Elbette hemen karar vermek zorunda de\u011filsiniz: \u0130lk ba\u015fta ne istedi\u011finizden emin de\u011filseniz veya zamana ve daha fazla tart\u0131\u015fmaya ihtiyac\u0131n\u0131z varsa da size yard\u0131mc\u0131 olabiliriz. Karar her zaman sizindir &#8211; hi\u00e7bir \u015fey sizin iste\u011finiz d\u0131\u015f\u0131nda ger\u00e7ekle\u015fmez. Baz\u0131 insanlar bize yaln\u0131zca bir kez gelir, baz\u0131lar\u0131na ise yolculuklar\u0131nda daha uzun s\u00fcre e\u015flik ederiz. Art\u0131k yard\u0131m\u0131m\u0131za ihtiyac\u0131n\u0131z kalmayana kadar yan\u0131n\u0131zday\u0131z.<\/p>\n<\/div><\/section><br \/>\n<div  class='avia-button-wrap av-lnt1l4iw-18116cad844cdc507c0c23398c070a17-wrap avia-button-left  avia-builder-el-16  el_after_av_textblock  avia-builder-el-last '>\n<style type=\"text\/css\" data-created_by=\"avia_inline_auto\" id=\"style-css-av-lnt1l4iw-18116cad844cdc507c0c23398c070a17\">\n#top #wrap_all .avia-button.av-lnt1l4iw-18116cad844cdc507c0c23398c070a17{\nbackground-color:#ed9600;\nborder-color:#ed9600;\nborder-style:none;\ntransition:all 0.4s ease-in-out;\n}\n#top #wrap_all .avia-button.av-lnt1l4iw-18116cad844cdc507c0c23398c070a17:hover{\nbackground-color:#008d36;\ncolor:white;\ntransition:all 0.4s ease-in-out;\n}\n#top #wrap_all .avia-button.av-lnt1l4iw-18116cad844cdc507c0c23398c070a17:hover .avia-svg-icon svg:first-child{\nfill:white;\nstroke:white;\n}\n\n@media only screen and (min-width: 990px){ \n#top #wrap_all .avia-button.av-lnt1l4iw-18116cad844cdc507c0c23398c070a17{\nmargin:20px 0 0 0;\n}\n}\n<\/style>\n<a href='https:\/\/von-wegen-ehre.de\/tr\/iletisim'  class='avia-button av-lnt1l4iw-18116cad844cdc507c0c23398c070a17 av-link-btn avia-icon_select-yes-left-icon avia-size-large avia-position-left avia-font-color-theme-color'   aria-label=\"\u0130leti\u015fim\"><span class='avia_button_icon avia_button_icon_left avia-iconfont avia-font-entypo-fontello' data-av_icon='\ue875' data-av_iconfont='entypo-fontello' ><\/span><span class='avia_iconbox_title' >\u0130leti\u015fim<\/span><\/a><\/div><\/p><\/div><\/div><!--close flex column wrapper. Autoclose: 1 -->\n","protected":false},"excerpt":{"rendered":"","protected":false},"author":1,"featured_media":0,"parent":0,"menu_order":0,"comment_status":"closed","ping_status":"closed","template":"","meta":{"footnotes":""},"class_list":["post-3179","page","type-page","status-publish","hentry"],"yoast_head":"<!-- This site is optimized with the Yoast SEO plugin v27.5 - https:\/\/yoast.com\/product\/yoast-seo-wordpress\/ -->\n<title>Dan\u0131\u015fmanl\u0131k ve yard\u0131m - 2 Regionen Netzwerk<\/title>\n<meta name=\"description\" content=\"Ailenizden veya e\u015finizden bask\u0131 veya \u015fiddet g\u00f6r\u00fcyorsan\u0131z ve yard\u0131m ar\u0131yorsan\u0131z, sizin i\u00e7in buraday\u0131z. Dan\u0131\u015fmanl\u0131k hizmeti her zaman \u00fccretsizdir ve dilerseniz anonim olabilir.\" \/>\n<meta name=\"robots\" content=\"index, follow, max-snippet:-1, max-image-preview:large, max-video-preview:-1\" \/>\n<link rel=\"canonical\" href=\"https:\/\/von-wegen-ehre.de\/tr\/danismanlik-ve-yardim\" \/>\n<meta property=\"og:locale\" content=\"tr_TR\" \/>\n<meta property=\"og:type\" content=\"article\" \/>\n<meta property=\"og:title\" content=\"Dan\u0131\u015fmanl\u0131k ve yard\u0131m - 2 Regionen Netzwerk\" \/>\n<meta property=\"og:description\" content=\"Ailenizden veya e\u015finizden bask\u0131 veya \u015fiddet g\u00f6r\u00fcyorsan\u0131z ve yard\u0131m ar\u0131yorsan\u0131z, sizin i\u00e7in buraday\u0131z. Dan\u0131\u015fmanl\u0131k hizmeti her zaman \u00fccretsizdir ve dilerseniz anonim olabilir.\" \/>\n<meta property=\"og:url\" content=\"https:\/\/von-wegen-ehre.de\/tr\/danismanlik-ve-yardim\" \/>\n<meta property=\"og:site_name\" content=\"2 Regionen Netzwerk\" \/>\n<meta property=\"article:modified_time\" content=\"2024-12-20T21:42:44+00:00\" \/>\n<meta name=\"twitter:card\" content=\"summary_large_image\" \/>\n<meta name=\"twitter:label1\" content=\"Tahmini okuma s\u00fcresi\" \/>\n\t<meta name=\"twitter:data1\" content=\"2 dakika\" \/>\n<script type=\"application\/ld+json\" class=\"yoast-schema-graph\">{\"@context\":\"https:\\\/\\\/schema.org\",\"@graph\":[{\"@type\":\"WebPage\",\"@id\":\"https:\\\/\\\/von-wegen-ehre.de\\\/tr\\\/danismanlik-ve-yardim\",\"url\":\"https:\\\/\\\/von-wegen-ehre.de\\\/tr\\\/danismanlik-ve-yardim\",\"name\":\"Dan\u0131\u015fmanl\u0131k ve yard\u0131m - 2 Regionen Netzwerk\",\"isPartOf\":{\"@id\":\"https:\\\/\\\/von-wegen-ehre.de\\\/tr#website\"},\"datePublished\":\"2015-07-16T07:12:44+00:00\",\"dateModified\":\"2024-12-20T21:42:44+00:00\",\"description\":\"Ailenizden veya e\u015finizden bask\u0131 veya \u015fiddet g\u00f6r\u00fcyorsan\u0131z ve yard\u0131m ar\u0131yorsan\u0131z, sizin i\u00e7in buraday\u0131z. Dan\u0131\u015fmanl\u0131k hizmeti her zaman \u00fccretsizdir ve dilerseniz anonim olabilir.\",\"breadcrumb\":{\"@id\":\"https:\\\/\\\/von-wegen-ehre.de\\\/tr\\\/danismanlik-ve-yardim#breadcrumb\"},\"inLanguage\":\"tr\",\"potentialAction\":[{\"@type\":\"ReadAction\",\"target\":[\"https:\\\/\\\/von-wegen-ehre.de\\\/tr\\\/danismanlik-ve-yardim\"]}]},{\"@type\":\"BreadcrumbList\",\"@id\":\"https:\\\/\\\/von-wegen-ehre.de\\\/tr\\\/danismanlik-ve-yardim#breadcrumb\",\"itemListElement\":[{\"@type\":\"ListItem\",\"position\":1,\"name\":\"Startseite\",\"item\":\"https:\\\/\\\/von-wegen-ehre.de\\\/tr\"},{\"@type\":\"ListItem\",\"position\":2,\"name\":\"Dan\u0131\u015fmanl\u0131k ve yard\u0131m\"}]},{\"@type\":\"WebSite\",\"@id\":\"https:\\\/\\\/von-wegen-ehre.de\\\/tr#website\",\"url\":\"https:\\\/\\\/von-wegen-ehre.de\\\/tr\",\"name\":\"2 Regionen Netzwerk\",\"description\":\"\",\"potentialAction\":[{\"@type\":\"SearchAction\",\"target\":{\"@type\":\"EntryPoint\",\"urlTemplate\":\"https:\\\/\\\/von-wegen-ehre.de\\\/tr?s={search_term_string}\"},\"query-input\":{\"@type\":\"PropertyValueSpecification\",\"valueRequired\":true,\"valueName\":\"search_term_string\"}}],\"inLanguage\":\"tr\"}]}<\/script>\n<!-- \/ Yoast SEO plugin. -->","yoast_head_json":{"title":"Dan\u0131\u015fmanl\u0131k ve yard\u0131m - 2 Regionen Netzwerk","description":"Ailenizden veya e\u015finizden bask\u0131 veya \u015fiddet g\u00f6r\u00fcyorsan\u0131z ve yard\u0131m ar\u0131yorsan\u0131z, sizin i\u00e7in buraday\u0131z. Dan\u0131\u015fmanl\u0131k hizmeti her zaman \u00fccretsizdir ve dilerseniz anonim olabilir.","robots":{"index":"index","follow":"follow","max-snippet":"max-snippet:-1","max-image-preview":"max-image-preview:large","max-video-preview":"max-video-preview:-1"},"canonical":"https:\/\/von-wegen-ehre.de\/tr\/danismanlik-ve-yardim","og_locale":"tr_TR","og_type":"article","og_title":"Dan\u0131\u015fmanl\u0131k ve yard\u0131m - 2 Regionen Netzwerk","og_description":"Ailenizden veya e\u015finizden bask\u0131 veya \u015fiddet g\u00f6r\u00fcyorsan\u0131z ve yard\u0131m ar\u0131yorsan\u0131z, sizin i\u00e7in buraday\u0131z. Dan\u0131\u015fmanl\u0131k hizmeti her zaman \u00fccretsizdir ve dilerseniz anonim olabilir.","og_url":"https:\/\/von-wegen-ehre.de\/tr\/danismanlik-ve-yardim","og_site_name":"2 Regionen Netzwerk","article_modified_time":"2024-12-20T21:42:44+00:00","twitter_card":"summary_large_image","twitter_misc":{"Tahmini okuma s\u00fcresi":"2 dakika"},"schema":{"@context":"https:\/\/schema.org","@graph":[{"@type":"WebPage","@id":"https:\/\/von-wegen-ehre.de\/tr\/danismanlik-ve-yardim","url":"https:\/\/von-wegen-ehre.de\/tr\/danismanlik-ve-yardim","name":"Dan\u0131\u015fmanl\u0131k ve yard\u0131m - 2 Regionen Netzwerk","isPartOf":{"@id":"https:\/\/von-wegen-ehre.de\/tr#website"},"datePublished":"2015-07-16T07:12:44+00:00","dateModified":"2024-12-20T21:42:44+00:00","description":"Ailenizden veya e\u015finizden bask\u0131 veya \u015fiddet g\u00f6r\u00fcyorsan\u0131z ve yard\u0131m ar\u0131yorsan\u0131z, sizin i\u00e7in buraday\u0131z. Dan\u0131\u015fmanl\u0131k hizmeti her zaman \u00fccretsizdir ve dilerseniz anonim olabilir.","breadcrumb":{"@id":"https:\/\/von-wegen-ehre.de\/tr\/danismanlik-ve-yardim#breadcrumb"},"inLanguage":"tr","potentialAction":[{"@type":"ReadAction","target":["https:\/\/von-wegen-ehre.de\/tr\/danismanlik-ve-yardim"]}]},{"@type":"BreadcrumbList","@id":"https:\/\/von-wegen-ehre.de\/tr\/danismanlik-ve-yardim#breadcrumb","itemListElement":[{"@type":"ListItem","position":1,"name":"Startseite","item":"https:\/\/von-wegen-ehre.de\/tr"},{"@type":"ListItem","position":2,"name":"Dan\u0131\u015fmanl\u0131k ve yard\u0131m"}]},{"@type":"WebSite","@id":"https:\/\/von-wegen-ehre.de\/tr#website","url":"https:\/\/von-wegen-ehre.de\/tr","name":"2 Regionen Netzwerk","description":"","potentialAction":[{"@type":"SearchAction","target":{"@type":"EntryPoint","urlTemplate":"https:\/\/von-wegen-ehre.de\/tr?s={search_term_string}"},"query-input":{"@type":"PropertyValueSpecification","valueRequired":true,"valueName":"search_term_string"}}],"inLanguage":"tr"}]}},"_links":{"self":[{"href":"https:\/\/von-wegen-ehre.de\/tr\/wp-json\/wp\/v2\/pages\/3179","targetHints":{"allow":["GET"]}}],"collection":[{"href":"https:\/\/von-wegen-ehre.de\/tr\/wp-json\/wp\/v2\/pages"}],"about":[{"href":"https:\/\/von-wegen-ehre.de\/tr\/wp-json\/wp\/v2\/types\/page"}],"author":[{"embeddable":true,"href":"https:\/\/von-wegen-ehre.de\/tr\/wp-json\/wp\/v2\/users\/1"}],"replies":[{"embeddable":true,"href":"https:\/\/von-wegen-ehre.de\/tr\/wp-json\/wp\/v2\/comments?post=3179"}],"version-history":[{"count":4,"href":"https:\/\/von-wegen-ehre.de\/tr\/wp-json\/wp\/v2\/pages\/3179\/revisions"}],"predecessor-version":[{"id":3182,"href":"https:\/\/von-wegen-ehre.de\/tr\/wp-json\/wp\/v2\/pages\/3179\/revisions\/3182"}],"wp:attachment":[{"href":"https:\/\/von-wegen-ehre.de\/tr\/wp-json\/wp\/v2\/media?parent=3179"}],"curies":[{"name":"wp","href":"https:\/\/api.w.org\/{rel}","templated":true}]}}